{"id":4405,"date":"2022-07-27T17:18:52","date_gmt":"2022-07-27T21:18:52","guid":{"rendered":"http:\/\/www.inesa.com.do\/?post_type=product&#038;p=4405"},"modified":"2022-07-27T17:23:12","modified_gmt":"2022-07-27T21:23:12","slug":"capilo-pro-aceite-de-lavanda","status":"publish","type":"product","link":"https:\/\/www.inesa.com.do\/?product=capilo-pro-aceite-de-lavanda","title":{"rendered":"Capilo Pro Aceite de Lavanda"},"content":{"rendered":"<p>Para el cabello:<\/p>\n<p>Estimula la ra\u00edz del cuero cabelludo, lo cual permite que el pelo crezca m\u00e1s r\u00e1pido y saludable. Fortalece los fol\u00edculos pilosos, previniendo el quiebre de la hebra y la ca\u00edda del cabello.<br \/>\n\u00a0<br \/>\nPara la piel:<\/p>\n<p>Limpia los poros y regula el exceso de grasa en la piel. <\/p>\n","protected":false},"excerpt":{"rendered":"<p>Estimula la ra\u00edz del cuero cabelludo, limpia los poros y regula el exceso de grasa en la piel. <\/p>\n","protected":false},"featured_media":4406,"comment_status":"open","ping_status":"closed","template":"","meta":[],"product_cat":[165,118,133],"product_tag":[228,397,197,136],"_links":{"self":[{"href":"https:\/\/www.inesa.com.do\/index.php?rest_route=\/wp\/v2\/product\/4405"}],"collection":[{"href":"https:\/\/www.inesa.com.do\/index.php?rest_route=\/wp\/v2\/product"}],"about":[{"href":"https:\/\/www.inesa.com.do\/index.php?rest_route=\/wp\/v2\/types\/product"}],"replies":[{"embeddable":true,"href":"https:\/\/www.inesa.com.do\/index.php?rest_route=%2Fwp%2Fv2%2Fcomments&post=4405"}],"version-history":[{"count":1,"href":"https:\/\/www.inesa.com.do\/index.php?rest_route=\/wp\/v2\/product\/4405\/revisions"}],"predecessor-version":[{"id":4407,"href":"https:\/\/www.inesa.com.do\/index.php?rest_route=\/wp\/v2\/product\/4405\/revisions\/4407"}],"wp:featuredmedia":[{"embeddable":true,"href":"https:\/\/www.inesa.com.do\/index.php?rest_route=\/wp\/v2\/media\/4406"}],"wp:attachment":[{"href":"https:\/\/www.inesa.com.do\/index.php?rest_route=%2Fwp%2Fv2%2Fmedia&parent=4405"}],"wp:term":[{"taxonomy":"product_cat","embeddable":true,"href":"https:\/\/www.inesa.com.do\/index.php?rest_route=%2Fwp%2Fv2%2Fproduct_cat&post=4405"},{"taxonomy":"product_tag","embeddable":true,"href":"https:\/\/www.inesa.com.do\/index.php?rest_route=%2Fwp%2Fv2%2Fproduct_tag&post=4405"}],"curies":[{"name":"wp","href":"https:\/\/api.w.org\/{rel}","templated":true}]}}