{"id":4411,"date":"2022-07-27T17:34:34","date_gmt":"2022-07-27T21:34:34","guid":{"rendered":"http:\/\/www.inesa.com.do\/?post_type=product&#038;p=4411"},"modified":"2022-07-27T17:35:10","modified_gmt":"2022-07-27T21:35:10","slug":"capilo-pro-pre-poo-reconsctructor","status":"publish","type":"product","link":"https:\/\/www.inesa.com.do\/?product=capilo-pro-pre-poo-reconsctructor","title":{"rendered":"Capilo Pro Pre-Poo Reconsctructor B-Healthy"},"content":{"rendered":"<p>El Pre-Poo Reconstructor B-Healthy est\u00e1 dise\u00f1ado para cabellos secos, quebradizos y maltratados. Elaborado a base de ingredientes naturales como el Arg\u00e1n y el Coco, este reconstructor act\u00faa sobre la hebra maltratada por procesos qu\u00edmicos, decoloraciones y alisados.<\/p>\n<p>Su formulaci\u00f3n ayuda a tener un cabello m\u00e1s fuerte, suave y saludable. Este producto es libre de Sulfatos, Siliconas, Parabenos, Aceite Mineral y Petrolatum.<\/p>\n","protected":false},"excerpt":{"rendered":"<p>Dise\u00f1ado para cabellos secos, quebradizos y maltratados.<\/p>\n","protected":false},"featured_media":4412,"comment_status":"open","ping_status":"closed","template":"","meta":[],"product_cat":[118,528],"product_tag":[397,197,529,530],"_links":{"self":[{"href":"https:\/\/www.inesa.com.do\/index.php?rest_route=\/wp\/v2\/product\/4411"}],"collection":[{"href":"https:\/\/www.inesa.com.do\/index.php?rest_route=\/wp\/v2\/product"}],"about":[{"href":"https:\/\/www.inesa.com.do\/index.php?rest_route=\/wp\/v2\/types\/product"}],"replies":[{"embeddable":true,"href":"https:\/\/www.inesa.com.do\/index.php?rest_route=%2Fwp%2Fv2%2Fcomments&post=4411"}],"version-history":[{"count":3,"href":"https:\/\/www.inesa.com.do\/index.php?rest_route=\/wp\/v2\/product\/4411\/revisions"}],"predecessor-version":[{"id":4415,"href":"https:\/\/www.inesa.com.do\/index.php?rest_route=\/wp\/v2\/product\/4411\/revisions\/4415"}],"wp:featuredmedia":[{"embeddable":true,"href":"https:\/\/www.inesa.com.do\/index.php?rest_route=\/wp\/v2\/media\/4412"}],"wp:attachment":[{"href":"https:\/\/www.inesa.com.do\/index.php?rest_route=%2Fwp%2Fv2%2Fmedia&parent=4411"}],"wp:term":[{"taxonomy":"product_cat","embeddable":true,"href":"https:\/\/www.inesa.com.do\/index.php?rest_route=%2Fwp%2Fv2%2Fproduct_cat&post=4411"},{"taxonomy":"product_tag","embeddable":true,"href":"https:\/\/www.inesa.com.do\/index.php?rest_route=%2Fwp%2Fv2%2Fproduct_tag&post=4411"}],"curies":[{"name":"wp","href":"https:\/\/api.w.org\/{rel}","templated":true}]}}