{"id":4485,"date":"2022-07-27T22:36:00","date_gmt":"2022-07-28T02:36:00","guid":{"rendered":"http:\/\/www.inesa.com.do\/?post_type=product&#038;p=4485"},"modified":"2022-07-27T22:36:00","modified_gmt":"2022-07-28T02:36:00","slug":"capilo-pro-locion-fortalecedora-b-control-suela-y-canela","status":"publish","type":"product","link":"https:\/\/www.inesa.com.do\/?product=capilo-pro-locion-fortalecedora-b-control-suela-y-canela","title":{"rendered":"Capilo Pro Locion Fortalecedora B-Control Suela y Canela"},"content":{"rendered":"<p>Es un producto que se aplica en el cuero cabelludo haciendo caminitos para poder distribuir bien. Tiene un efecto mentolado que promueve la circulaci\u00f3n del cuero cabelludo ayudando as\u00ed a que los activos bot\u00e1nicos promotores del crecimiento puedan penetrar m\u00e1s f\u00e1cilmente y estimular los fol\u00edculos. Este producto ayuda a reducir el efecto graso que se puede producir en aquellas personas que van al gimnasio y sudan un poco y no quieren lavar el cabello diariamente.<\/p>\n","protected":false},"excerpt":{"rendered":"<p>Es un producto que se aplica en el cuero cabelludo haciendo caminitos para poder distribuir bien. Tiene un&hellip;<\/p>\n","protected":false},"featured_media":4486,"comment_status":"open","ping_status":"closed","template":"","meta":[],"product_cat":[118,407,541],"product_tag":[397,537,170,536],"_links":{"self":[{"href":"https:\/\/www.inesa.com.do\/index.php?rest_route=\/wp\/v2\/product\/4485"}],"collection":[{"href":"https:\/\/www.inesa.com.do\/index.php?rest_route=\/wp\/v2\/product"}],"about":[{"href":"https:\/\/www.inesa.com.do\/index.php?rest_route=\/wp\/v2\/types\/product"}],"replies":[{"embeddable":true,"href":"https:\/\/www.inesa.com.do\/index.php?rest_route=%2Fwp%2Fv2%2Fcomments&post=4485"}],"version-history":[{"count":1,"href":"https:\/\/www.inesa.com.do\/index.php?rest_route=\/wp\/v2\/product\/4485\/revisions"}],"predecessor-version":[{"id":4490,"href":"https:\/\/www.inesa.com.do\/index.php?rest_route=\/wp\/v2\/product\/4485\/revisions\/4490"}],"wp:featuredmedia":[{"embeddable":true,"href":"https:\/\/www.inesa.com.do\/index.php?rest_route=\/wp\/v2\/media\/4486"}],"wp:attachment":[{"href":"https:\/\/www.inesa.com.do\/index.php?rest_route=%2Fwp%2Fv2%2Fmedia&parent=4485"}],"wp:term":[{"taxonomy":"product_cat","embeddable":true,"href":"https:\/\/www.inesa.com.do\/index.php?rest_route=%2Fwp%2Fv2%2Fproduct_cat&post=4485"},{"taxonomy":"product_tag","embeddable":true,"href":"https:\/\/www.inesa.com.do\/index.php?rest_route=%2Fwp%2Fv2%2Fproduct_tag&post=4485"}],"curies":[{"name":"wp","href":"https:\/\/api.w.org\/{rel}","templated":true}]}}