{"id":451,"date":"2020-10-30T15:23:15","date_gmt":"2020-10-30T12:23:15","guid":{"rendered":"https:\/\/parkofideas.com\/luchiana\/demo\/?post_type=product&#038;p=451"},"modified":"2026-02-06T13:51:42","modified_gmt":"2026-02-06T17:51:42","slug":"lotion-para-estrias","status":"publish","type":"product","link":"https:\/\/www.inesa.com.do\/?product=lotion-para-estrias","title":{"rendered":"Loci\u00f3n para las estr\u00edas"},"content":{"rendered":"<p>F\u00f3rmula de Manteca de Cacao de Palmer Loci\u00f3n de Masaje para las Estr\u00edas Ayuda para prevenir las estr\u00edas y su apariencia con una combinaci\u00f3n especial de Manteca de Cacao pura, Vitamina E, Manteca de Karit\u00e9 y Bio C-Elaste.<\/p>\n<p>Bio C-Elaste es una mezcla potente de Col\u00e1geno, Elastina, Centella Asi\u00e1tica, Aceite de Almendras Dulces y Aceite de Arg\u00e1n.<\/p>\n<p>Esta f\u00f3rmula no grasosa para todo el cuerpo ayuda a mejorar la elasticidad y flexibilidad de la piel durante y despu\u00e9s del embarazo.<\/p>\n<p>Tambi\u00e9n recomendado para las estr\u00edas resultantes de fluctuaciones de peso.<br \/>\nCon un uso regular, la elasticidad de la piel aument\u00f3 en un 97% de las mujeres.<br \/>\nDermatol\u00f3gicamente probado. Hipoalerg\u00e9nico. Libre de Parabenos.<\/p>\n<p>Recomendaciones de uso: En lugar de su hidratante habitual, aplicar Palmer\u2019s Loci\u00f3n de Masaje para las Estr\u00edas por todo el cuerpo tres veces al d\u00eda para mejorar la elasticidad y flexibilidad de la piel. Para conseguir mejores resultados, combinar su uso con el sistema Palmer\u2019s para las Estr\u00edas:<br \/>\n1) Loci\u00f3n de Masaje para las Estrias: para todo el cuerpo.<br \/>\n2) Crema de Masaje para las Estrias: para zonas propensas a estr\u00edas como vientre, caderas, muslos y busto.<br \/>\n3) B\u00e1lsamo para la Panza: tratamiento intensivo nocturno gracias a su componente de lavanda relajante.<\/p>\n","protected":false},"excerpt":{"rendered":"<p>Loci\u00f3n para las estr\u00edas.<\/p>\n","protected":false},"featured_media":3023,"comment_status":"open","ping_status":"closed","template":"","meta":[],"product_cat":[133,168],"product_tag":[166,169,170,61],"_links":{"self":[{"href":"https:\/\/www.inesa.com.do\/index.php?rest_route=\/wp\/v2\/product\/451"}],"collection":[{"href":"https:\/\/www.inesa.com.do\/index.php?rest_route=\/wp\/v2\/product"}],"about":[{"href":"https:\/\/www.inesa.com.do\/index.php?rest_route=\/wp\/v2\/types\/product"}],"replies":[{"embeddable":true,"href":"https:\/\/www.inesa.com.do\/index.php?rest_route=%2Fwp%2Fv2%2Fcomments&post=451"}],"version-history":[{"count":3,"href":"https:\/\/www.inesa.com.do\/index.php?rest_route=\/wp\/v2\/product\/451\/revisions"}],"predecessor-version":[{"id":3025,"href":"https:\/\/www.inesa.com.do\/index.php?rest_route=\/wp\/v2\/product\/451\/revisions\/3025"}],"wp:featuredmedia":[{"embeddable":true,"href":"https:\/\/www.inesa.com.do\/index.php?rest_route=\/wp\/v2\/media\/3023"}],"wp:attachment":[{"href":"https:\/\/www.inesa.com.do\/index.php?rest_route=%2Fwp%2Fv2%2Fmedia&parent=451"}],"wp:term":[{"taxonomy":"product_cat","embeddable":true,"href":"https:\/\/www.inesa.com.do\/index.php?rest_route=%2Fwp%2Fv2%2Fproduct_cat&post=451"},{"taxonomy":"product_tag","embeddable":true,"href":"https:\/\/www.inesa.com.do\/index.php?rest_route=%2Fwp%2Fv2%2Fproduct_tag&post=451"}],"curies":[{"name":"wp","href":"https:\/\/api.w.org\/{rel}","templated":true}]}}