{"id":4519,"date":"2022-07-27T23:21:55","date_gmt":"2022-07-28T03:21:55","guid":{"rendered":"http:\/\/www.inesa.com.do\/?post_type=product&#038;p=4519"},"modified":"2022-07-27T23:45:08","modified_gmt":"2022-07-28T03:45:08","slug":"pdi-crema-ultra-reparadora-para-pies","status":"publish","type":"product","link":"https:\/\/www.inesa.com.do\/?product=pdi-crema-ultra-reparadora-para-pies","title":{"rendered":"PDI Crema Ultra Reparadora para Pies"},"content":{"rendered":"<p>Elaborado con ingredientes naturales como Urea, \u00c1cido Salic\u00edlico y Aloe vera, que ayudan a minimizar la aparici\u00f3n de callos, suavizar la piel \u00e1spera y agrietada. Hidrata, suaviza y refresca la piel.<\/p>\n","protected":false},"excerpt":{"rendered":"<p>Hidrata, suaviza y refresca la piel.<\/p>\n","protected":false},"featured_media":4520,"comment_status":"open","ping_status":"closed","template":"","meta":[],"product_cat":[543,133],"product_tag":[],"_links":{"self":[{"href":"https:\/\/www.inesa.com.do\/index.php?rest_route=\/wp\/v2\/product\/4519"}],"collection":[{"href":"https:\/\/www.inesa.com.do\/index.php?rest_route=\/wp\/v2\/product"}],"about":[{"href":"https:\/\/www.inesa.com.do\/index.php?rest_route=\/wp\/v2\/types\/product"}],"replies":[{"embeddable":true,"href":"https:\/\/www.inesa.com.do\/index.php?rest_route=%2Fwp%2Fv2%2Fcomments&post=4519"}],"version-history":[{"count":1,"href":"https:\/\/www.inesa.com.do\/index.php?rest_route=\/wp\/v2\/product\/4519\/revisions"}],"predecessor-version":[{"id":4521,"href":"https:\/\/www.inesa.com.do\/index.php?rest_route=\/wp\/v2\/product\/4519\/revisions\/4521"}],"wp:featuredmedia":[{"embeddable":true,"href":"https:\/\/www.inesa.com.do\/index.php?rest_route=\/wp\/v2\/media\/4520"}],"wp:attachment":[{"href":"https:\/\/www.inesa.com.do\/index.php?rest_route=%2Fwp%2Fv2%2Fmedia&parent=4519"}],"wp:term":[{"taxonomy":"product_cat","embeddable":true,"href":"https:\/\/www.inesa.com.do\/index.php?rest_route=%2Fwp%2Fv2%2Fproduct_cat&post=4519"},{"taxonomy":"product_tag","embeddable":true,"href":"https:\/\/www.inesa.com.do\/index.php?rest_route=%2Fwp%2Fv2%2Fproduct_tag&post=4519"}],"curies":[{"name":"wp","href":"https:\/\/api.w.org\/{rel}","templated":true}]}}